{"id":90,"date":"2020-08-07T17:51:50","date_gmt":"2020-08-07T21:51:50","guid":{"rendered":"https:\/\/juannotario310051598.wordpress.com\/?page_id=90"},"modified":"2020-08-07T17:51:50","modified_gmt":"2020-08-07T21:51:50","slug":"programa-de-gobierno","status":"publish","type":"page","link":"https:\/\/juannotario.com\/index.php\/programa-de-gobierno\/","title":{"rendered":"PROGRAMA DE GOBIERNO"},"content":{"rendered":"\n<p class=\"has-large-font-size\"><strong>Ejes Program\u00e1ticos<\/strong><\/p>\n\n\n\n<ul class=\"wp-block-list\">\n<li class=\"has-medium-font-size\"><strong>La Universalidad de la Salud, Educaci\u00f3n, Empleo y 3ra Edad.<\/strong><\/li>\n<\/ul>\n\n\n\n<p>La generaci\u00f3n de pol\u00edticas p\u00fablicas que acompa\u00f1e de manera cronol\u00f3gica en el desarrollo humano para garantizar los derechos fundamentales de cada habitante en su proceso de vida.<\/p>\n\n\n\n<ul class=\"wp-block-list\">\n<li class=\"has-medium-font-size\"><strong>Preservaci\u00f3n de la Ecolog\u00eda.<\/strong><\/li>\n<\/ul>\n\n\n\n<p>La educaci\u00f3n curricular en la preservaci\u00f3n de la naturaleza, el fortalecimiento de las instituciones gubernamentales competentes y el endurecimiento de las sanciones por delitos ecol\u00f3gicos.<\/p>\n\n\n\n<ul class=\"wp-block-list\">\n<li class=\"has-medium-font-size\"><strong>Mejorar la Infraestructura<\/strong><\/li>\n<\/ul>\n\n\n\n<p>En Red de Alcantarillado (Cloaca \u2013 Desag\u00fce Fluvial), Agua Corriente, Tr\u00e1fico Vehicular, Seguridad Ciudadana y Transporte P\u00fablico.<\/p>\n\n\n\n<ul class=\"wp-block-list\">\n<li class=\"has-medium-font-size\"><strong>La Gesti\u00f3n Administrativa<\/strong><\/li>\n<\/ul>\n\n\n\n<p>Promoci\u00f3n Inmobiliaria, Reactivaci\u00f3n de los Mercados Zonales, Relacionamiento P\u00fablico, Conservaci\u00f3n de Patrimonios Culturales e Hist\u00f3ricos, Revitalizaci\u00f3n Comercial, Regulaci\u00f3n de Funcionarios P\u00fablicos, Pymes y Vendedores Informales y Basura (Clasificaci\u00f3n y Cierre de Vertedero).<\/p>\n\n\n\n<ul class=\"wp-block-list\">\n<li class=\"has-medium-font-size\"><strong>Plan de Desarrollo Global<\/strong><\/li>\n<\/ul>\n\n\n\n<p>Acuerdos interinstitucionales y gubernamentales para el desarrollo territorial.&nbsp;<\/p>\n\n\n\n<p class=\"has-medium-font-size\"><strong><u>Desarrollo<\/u><\/strong><\/p>\n\n\n\n<p class=\"has-medium-font-size\"><strong>&#8211;&nbsp;&nbsp;&nbsp;&nbsp;&nbsp;&nbsp;&nbsp;&nbsp;&nbsp; La Universalidad de la Salud, Educaci\u00f3n, el Empleo y la 3ra Edad.<\/strong><\/p>\n\n\n\n<ul class=\"wp-block-list\">\n<li>Pensi\u00f3n de Adultos Mayores.<\/li>\n\n\n\n<li>Subsidio y equiparaci\u00f3n al sueldo m\u00ednimo actual a personas sin distinci\u00f3n (Discapacitados 3ra, edad, jubilados, ect).<\/li>\n\n\n\n<li>Prevenci\u00f3n de Adicciones. (Reinserci\u00f3n social y laboral)<\/li>\n\n\n\n<li>Enfermedades Mentales (Centro de Prevenciones descentralizados).<\/li>\n\n\n\n<li>Guarder\u00eda gratuita para personas de escasos recursos.<\/li>\n\n\n\n<li>Emprendedores (Capacitaci\u00f3n en reparaci\u00f3n de motores el\u00e9ctricos).<\/li>\n\n\n\n<li>La creaci\u00f3n de una zona franca industrial. (Materia Prima Hort\u00edcola)<\/li>\n<\/ul>\n\n\n\n<ul class=\"wp-block-list\">\n<li class=\"has-medium-font-size\"><strong>Preservaci\u00f3n de la Ecolog\u00eda<\/strong><\/li>\n<\/ul>\n\n\n\n<p>Promoveremos el cuidado de la naturaleza, cuidando el cauce de arroyos, las microecolog\u00edas y las biodiversidades de las zonas boscosas. La arborizaci\u00f3n, ornamentaci\u00f3n y paisajismo en zonas urbanas.<\/p>\n\n\n\n<p>La formaci\u00f3n y capacitaci\u00f3n en el cuidado de la ecolog\u00eda en convenio con las instituciones educativas para fomentar el h\u00e1bito de clasificar las basuras, promoci\u00f3n de plantar \u00e1rboles frutales en las casas o huerta urbanas.<\/p>\n\n\n\n<ul class=\"wp-block-list\">\n<li class=\"has-medium-font-size\"><strong><u>Infraestructura<\/u><\/strong><\/li>\n<\/ul>\n\n\n\n<ul class=\"wp-block-list\">\n<li><strong>Red de Alcantarillado:<\/strong><\/li>\n<\/ul>\n\n\n\n<p>Programa de concientizaci\u00f3n para evitar basuras en los raudales y fuertes sanciones econ\u00f3micas a infractores. Mantenimientos peri\u00f3dicos de canales h\u00eddricos para evitar inundaciones.<\/p>\n\n\n\n<p>El Sistema de Alcantarillado de Agua Servida (cloaca) y el sistema de agua corriente depende de la Essap, y el Sistema de Alcantarillado de Desag\u00fce Pluvial (agua de Lluvia) que depende de la Municipalidad en su construcci\u00f3n y mantenimiento.<\/p>\n\n\n\n<p>As\u00ed como el sistema de energ\u00eda de baja tensi\u00f3n (ANDE) que tiene que ir por ductos subterr\u00e1neos. As\u00ed como los cableados de las empresas p\u00fablicas y privadas de Internet y telefon\u00eda, etc, que tambi\u00e9n deber\u00eda ir en forma subterr\u00e1nea.<\/p>\n\n\n\n<ul class=\"wp-block-list\">\n<li class=\"has-medium-font-size\"><strong>Tr\u00e1fico Vehicular:<\/strong><\/li>\n<\/ul>\n\n\n\n<ul class=\"wp-block-list\">\n<li>El recapado de baches de manera constante.<\/li>\n<\/ul>\n\n\n\n<ul class=\"wp-block-list\">\n<li>El asfalto de empedrado.<\/li>\n<\/ul>\n\n\n\n<ul class=\"wp-block-list\">\n<li>Creaci\u00f3n de rutas alternativas.<\/li>\n<\/ul>\n\n\n\n<ul class=\"wp-block-list\">\n<li>El monitoreo del tr\u00e1nsito para descongestionar.<\/li>\n<\/ul>\n\n\n\n<ul class=\"wp-block-list\">\n<li>El desplazamiento de Polic\u00eda en zonas ca\u00f3tica.&nbsp;<\/li>\n<\/ul>\n\n\n\n<ul class=\"wp-block-list\">\n<li class=\"has-medium-font-size\"><strong>Seguridad Ciudadana:<\/strong><\/li>\n<\/ul>\n\n\n\n<ul class=\"wp-block-list\">\n<li>Cobertura de la Polic\u00eda de Seguridad Ciudadana en los barrios por medios de Comisiones Barriales de Seguridad.<\/li>\n<\/ul>\n\n\n\n<ul class=\"wp-block-list\">\n<li class=\"has-medium-font-size\"><strong>Transporte P\u00fablico:<\/strong><\/li>\n<\/ul>\n\n\n\n<ul class=\"wp-block-list\">\n<li>Conversi\u00f3n a lo el\u00e9ctrico.<\/li>\n<\/ul>\n\n\n\n<ul class=\"wp-block-list\">\n<li>Exigencia de dos c\u00e1maras de seguridad.<\/li>\n<\/ul>\n\n\n\n<ul class=\"wp-block-list\">\n<li>Verificaci\u00f3n t\u00e9cnica.<\/li>\n<\/ul>\n\n\n\n<ul class=\"wp-block-list\">\n<li>Erradicar los veh\u00edculos chatarra.<\/li>\n<\/ul>\n\n\n\n<ul class=\"wp-block-list\">\n<li>Ampliar horarios de cobertura.<\/li>\n<\/ul>\n\n\n\n<p class=\"has-medium-font-size\"><strong><u>La Gesti\u00f3n Administrativa<\/u><\/strong><\/p>\n\n\n\n<p class=\"has-medium-font-size\"><strong>&#8211; Promoci\u00f3n Inmobiliaria.<\/strong><\/p>\n\n\n\n<ul class=\"wp-block-list\">\n<li>Construcci\u00f3n de viviendas permanentes a los rivere\u00f1os (damnificados)<\/li>\n<\/ul>\n\n\n\n<ul class=\"wp-block-list\">\n<li>Soluci\u00f3n definitiva a inundados.<\/li>\n<\/ul>\n\n\n\n<ul class=\"wp-block-list\">\n<li>Regularizaci\u00f3n de tierras. (Titulaci\u00f3n, Catastro y Adquisici\u00f3n)<\/li>\n<\/ul>\n\n\n\n<p class=\"has-medium-font-size\"><strong>&#8211; Reactivaci\u00f3n de los Mercados Zonales<\/strong><\/p>\n\n\n\n<ul class=\"wp-block-list\">\n<li>Dinamizar la microeconom\u00eda.<\/li>\n<\/ul>\n\n\n\n<ul class=\"wp-block-list\">\n<li>Promover reubicaci\u00f3n en los mercados para refacci\u00f3n del Mercado 4.<\/li>\n<\/ul>\n\n\n\n<ul class=\"wp-block-list\">\n<li>Erradicar los contrabandos.<\/li>\n<\/ul>\n\n\n\n<ul class=\"wp-block-list\">\n<li>Crear ferias de verduras y frutas en las plazas m\u00e1s concurridas para incentivar a la venta.<\/li>\n<\/ul>\n\n\n\n<p class=\"has-medium-font-size\"><strong>&#8211; Relacionamiento P\u00fablico.<\/strong><\/p>\n\n\n\n<ul class=\"wp-block-list\">\n<li>Contaremos con el Gobierno Electr\u00f3nico con soporte t\u00e9cnico nacional.<\/li>\n<\/ul>\n\n\n\n<ul class=\"wp-block-list\">\n<li>Central Telef\u00f3nica con 50 n\u00fameros para atender casos puntuales y otros medios de interacci\u00f3n.<\/li>\n<\/ul>\n\n\n\n<p class=\"has-medium-font-size\"><strong>-Conservaci\u00f3n de Patrimonios Culturales e Hist\u00f3ricos.<\/strong><\/p>\n\n\n\n<ul class=\"wp-block-list\">\n<li>Promover a restauradores y artistas para el cuidado y mantenimiento.<\/li>\n<\/ul>\n\n\n\n<ul class=\"wp-block-list\">\n<li>Otorgar incentivos en impuestos inmobiliarios por pertenecer a este patrimonio.<\/li>\n<\/ul>\n\n\n\n<p class=\"has-medium-font-size\"><strong>&#8211; Revitalizaci\u00f3n Comercial.<\/strong><\/p>\n\n\n\n<ul class=\"wp-block-list\">\n<li>Desarrollar actividades recreativas y art\u00edsticas en plazas.<\/li>\n<\/ul>\n\n\n\n<ul class=\"wp-block-list\">\n<li>Peatonizar los fines de semanas y feriados en zonas de mayor concurrencia.&nbsp;&nbsp;<\/li>\n<\/ul>\n\n\n\n<p class=\"has-medium-font-size\"><strong>&#8211; Regularizaci\u00f3n de Funcionarios P\u00fablicos<\/strong><\/p>\n\n\n\n<ul class=\"wp-block-list\">\n<li>Nombrar a funcionarios en situaci\u00f3n de contratados.<\/li>\n<\/ul>\n\n\n\n<ul class=\"wp-block-list\">\n<li>Recategorizaci\u00f3n por antig\u00fcedad y t\u00edtulo. (Jerarquizaci\u00f3n y estandarizaci\u00f3n salarial en la funci\u00f3n p\u00fablica)<\/li>\n<\/ul>\n\n\n\n<ul class=\"wp-block-list\">\n<li>No a los comisionamientos.<\/li>\n<\/ul>\n\n\n\n<p class=\"has-medium-font-size\"><strong>&#8211; Pymes y Vendedores Informales.<\/strong><\/p>\n\n\n\n<p>Crearemos un <strong><em>Departamento de Pymes y Vendedores Informales<\/em>,<\/strong> formalizaremos al sector otorg\u00e1ndoles capacitaci\u00f3n y realizaremos alianzas con instituciones financieras para cr\u00e9ditos blandos y monitoreo.<\/p>\n\n\n\n<p class=\"has-medium-font-size\"><strong>&#8211; Basura (Clasificaci\u00f3n y Cierre de Vertedero).<\/strong><\/p>\n\n\n\n<p>Presentaremos un proyecto de 30 a\u00f1os de ejecuci\u00f3n en donde dise\u00f1aremos un nuevo esquema y sistema para el desecho de las basuras. El objetivo ser\u00eda el cierre total de Cateura y no habilitar otro vertedero.<\/p>\n\n\n\n<p>Cada ciudadano es responsable del destino de su basura por lo que ser\u00e1 obligaci\u00f3n clasificar las basuras en Papel, Vidrio, Pl\u00e1stico, Org\u00e1nico y Tecnol\u00f3gico. En caso de infligir ser\u00e1 sancionado con fuerte multa econ\u00f3mica.<\/p>\n\n\n\n<p>Incentivaremos las creaciones de <strong>Empresas de Recicladores<\/strong> en estos 5 tipos de basuras (Papel, Vidrio, Pl\u00e1stico, Org\u00e1nico y Tecnol\u00f3gico) con las asociaciones y organizaciones de gancheros y recicladores.&nbsp;&nbsp;&nbsp;<\/p>\n\n\n\n<p class=\"has-medium-font-size\"><strong><u>Plan de Desarrollo Global<\/u><\/strong><\/p>\n\n\n\n<p class=\"has-medium-font-size\"><strong>&#8211; Alianza Estrat\u00e9gica con Instituciones y Organizaciones. (Nacional e Internacional)<\/strong><\/p>\n\n\n\n<p>Realizaremos alianzas con Instituciones del Gobierno Central, Organizaciones y Municipalidades con el prop\u00f3sito de fortalecer v\u00ednculo y de dirigir proyectos de inter\u00e9s global.<\/p>\n\n\n\n<p>Convenios y acuerdos con Municipalidades y Organizaciones Internacionales.<\/p>\n\n\n\n<ul class=\"wp-block-list\">\n<li class=\"has-medium-font-size\"><strong>Desarrollar la Ciudad Verde en equilibrio con la Naturaleza.<\/strong><\/li>\n<\/ul>\n\n\n\n<p>La conservaci\u00f3n y preservaci\u00f3n de la ecolog\u00eda es de integres global por lo que el compromiso con ella nos involucra a todas las instituciones y organizaciones en crear leyes por medio del Poder Legislativo e Instituciones Gubernamentales para llegar a la finalidad.<\/p>\n\n\n\n<p class=\"has-medium-font-size\"><strong>&#8211; Zona Franca Industrial<\/strong><\/p>\n\n\n\n<p>Abriremos el debate con las instituciones competentes y municipios aleda\u00f1os abrazando la posibilidad de ampliar el Departamento de la Ciudad de Asunci\u00f3n en vista al beneficio de la Capitalidad, en constituirse en una Metr\u00f3polis en Auge y oportunidad de crecimiento. (La industrializaci\u00f3n de los productos de la materia prima producida en el pa\u00eds.<\/p>\n\n\n\n<p><\/p>\n","protected":false},"excerpt":{"rendered":"<p>Ejes Program\u00e1ticos La generaci\u00f3n de pol\u00edticas p\u00fablicas que acompa\u00f1e de manera cronol\u00f3gica en el desarrollo humano para garantizar los derechos fundamentales de cada habitante en su proceso de vida. La&hellip;<\/p>\n","protected":false},"author":2,"featured_media":1119,"parent":0,"menu_order":0,"comment_status":"closed","ping_status":"closed","template":"","meta":{"footnotes":""},"class_list":["post-90","page","type-page","status-publish","has-post-thumbnail","hentry"],"_links":{"self":[{"href":"https:\/\/juannotario.com\/index.php\/wp-json\/wp\/v2\/pages\/90","targetHints":{"allow":["GET"]}}],"collection":[{"href":"https:\/\/juannotario.com\/index.php\/wp-json\/wp\/v2\/pages"}],"about":[{"href":"https:\/\/juannotario.com\/index.php\/wp-json\/wp\/v2\/types\/page"}],"author":[{"embeddable":true,"href":"https:\/\/juannotario.com\/index.php\/wp-json\/wp\/v2\/users\/2"}],"replies":[{"embeddable":true,"href":"https:\/\/juannotario.com\/index.php\/wp-json\/wp\/v2\/comments?post=90"}],"version-history":[{"count":0,"href":"https:\/\/juannotario.com\/index.php\/wp-json\/wp\/v2\/pages\/90\/revisions"}],"wp:featuredmedia":[{"embeddable":true,"href":"https:\/\/juannotario.com\/index.php\/wp-json\/"}],"wp:attachment":[{"href":"https:\/\/juannotario.com\/index.php\/wp-json\/wp\/v2\/media?parent=90"}],"curies":[{"name":"wp","href":"https:\/\/api.w.org\/{rel}","templated":true}]}}