{"id":15,"date":"2020-03-11T20:36:26","date_gmt":"2020-03-11T20:36:26","guid":{"rendered":"https:\/\/juannotario310051598.wordpress.com\/?page_id=9"},"modified":"2025-01-10T01:37:34","modified_gmt":"2025-01-10T01:37:34","slug":"about","status":"publish","type":"page","link":"https:\/\/juannotario.com\/index.php\/about\/","title":{"rendered":"SOBRE M\u00cd"},"content":{"rendered":"\n<p class=\"has-medium-font-size\"><strong>Bienvenido a mi blog!<\/strong><\/p>\n\n\n\n<p>Mi nombre es Juan Manuel Notario C\u00e1ceres y soy un comunicador social apasionado por el desarrollo y la participaci\u00f3n ciudadana. A lo largo de mi carrera, he combinado mi formaci\u00f3n acad\u00e9mica con una amplia experiencia en el sector de la comunicaci\u00f3n, el trabajo social y la pol\u00edtica.<\/p>\n\n\n\n<p><strong>Formaci\u00f3n Acad\u00e9mica<\/strong><\/p>\n\n\n\n<ul class=\"wp-block-list\">\n<li><strong>Universidad Nacional de Pilar (en curso):<\/strong> Cursando la carrera de Ciencia de la Comunicaci\u00f3n para el Desarrollo (con sede en Asunci\u00f3n) y en proceso de elaboraci\u00f3n de la tesina.<\/li>\n\n\n\n<li><strong>UNIVERSIDAD DEL PACIFICO (CEFE \u2013 SAN LORENZO):<\/strong> Curso de Marketing para Gestiones en Ventas (no culminado).<\/li>\n<\/ul>\n\n\n\n<p><strong>Experiencia Profesional<\/strong><\/p>\n\n\n\n<p>Cuento con m\u00e1s de dos d\u00e9cadas de trayectoria en diversos \u00e1mbitos:<\/p>\n\n\n\n<ul class=\"wp-block-list\">\n<li><strong>Comunicaci\u00f3n Social:<\/strong> He trabajado en medios de comunicaci\u00f3n como Radio Arami, Radio Caritas, Norte FM y Radio TV Nuevo Paraguay, desempe\u00f1\u00e1ndome en \u00e1reas de conducci\u00f3n, producci\u00f3n, eventos y gesti\u00f3n administrativa.<\/li>\n\n\n\n<li><strong>Trabajo Social:<\/strong> He colaborado como voluntario en organizaciones como SENEPA y Radio Arami, contribuyendo a iniciativas sociales y comunitarias.<\/li>\n\n\n\n<li><strong>Pol\u00edtica:<\/strong> He participado activamente en pol\u00edtica, siendo candidato a concejal y diputado en varias ocasiones. Tambi\u00e9n he ocupado cargos de liderazgo en movimientos pol\u00edticos como Tekojoja y Frente Amplio, desempe\u00f1\u00e1ndome como Secretario de Comunicaci\u00f3n.<\/li>\n\n\n\n<li><strong>Emprendimiento:<\/strong> Soy emprendedor con experiencia en el rubro tecnol\u00f3gico (RECICLO Inform\u00e1tica) y de entretenimiento (MONEDITAS Entretenimientos). Actualmente, lidero mi propia empresa de medios digitales (MEDIOS DIGITALES).<\/li>\n<\/ul>\n\n\n\n<p><strong>Compromiso Social<\/strong><\/p>\n\n\n\n<p>Siempre he estado comprometido con la construcci\u00f3n de una sociedad m\u00e1s justa y participativa. Esto se refleja en mi trabajo voluntario, mi participaci\u00f3n pol\u00edtica y mi enfoque en la comunicaci\u00f3n para el desarrollo.<\/p>\n\n\n\n<p><strong>Siempre Aprendiendo<\/strong><\/p>\n\n\n\n<p class=\"has-medium-font-size\">Soy una persona inquieta y con ganas de seguir aprendiendo. Me encuentro en constante actualizaci\u00f3n para brindar los mejores servicios de comunicaci\u00f3n a mis clientes.<\/p>\n\n\n\n<p><strong>\u00abSoy un emprendedor con m\u00e1s de dos d\u00e9cadas de trayectoria en el sector de la tecnolog\u00eda y la comunicaci\u00f3n.<\/strong> Desde mis inicios en Techno American S.R.L. como Administrador de Sucursal, he adquirido una s\u00f3lida experiencia en gesti\u00f3n de equipos, atenci\u00f3n al cliente y ventas.<\/p>\n\n\n\n<p>Mi pasi\u00f3n por la tecnolog\u00eda y los negocios me llev\u00f3 a co-fundar Reciclo Inform\u00e1tica y Moneditas Entretenimientos, donde consolid\u00e9 mis habilidades en el \u00e1mbito empresarial, demostrando mi capacidad para abordar diversos desaf\u00edos y oportunidades. Adem\u00e1s, mi inter\u00e9s por la comunicaci\u00f3n me llev\u00f3 a incursionar en Radio TV Nuevo Paraguay como conductor y productor, ampliando mi red de contactos y fortaleciendo mis habilidades comunicativas.<\/p>\n\n\n\n<p>En paralelo a estas experiencias, he desarrollado de manera independiente MEDIOS DIGITALES, una consultora que ofrece soluciones integrales en el \u00e1mbito comunicacional y educativo. A trav\u00e9s de esta empresa, he tenido la oportunidad de identificar y aprovechar las oportunidades del mercado, creando productos y servicios innovadores.<\/p>\n\n\n\n<p>Me considero una persona proactiva, adaptable y orientada al cliente. Mi amplia experiencia en el sector tecnol\u00f3gico y mi visi\u00f3n empresarial me permiten aportar valor a cualquier proyecto que emprendo. Estoy convencido de que mi trayectoria me posiciona como un referente en el mercado.\u00bb<\/p>\n","protected":false},"excerpt":{"rendered":"<p>Bienvenido a mi blog! Mi nombre es Juan Manuel Notario C\u00e1ceres y soy un comunicador social apasionado por el desarrollo y la participaci\u00f3n ciudadana. A lo largo de mi carrera,&hellip;<\/p>\n","protected":false},"author":2,"featured_media":0,"parent":0,"menu_order":0,"comment_status":"closed","ping_status":"closed","template":"","meta":{"footnotes":""},"class_list":["post-15","page","type-page","status-publish","hentry"],"_links":{"self":[{"href":"https:\/\/juannotario.com\/index.php\/wp-json\/wp\/v2\/pages\/15","targetHints":{"allow":["GET"]}}],"collection":[{"href":"https:\/\/juannotario.com\/index.php\/wp-json\/wp\/v2\/pages"}],"about":[{"href":"https:\/\/juannotario.com\/index.php\/wp-json\/wp\/v2\/types\/page"}],"author":[{"embeddable":true,"href":"https:\/\/juannotario.com\/index.php\/wp-json\/wp\/v2\/users\/2"}],"replies":[{"embeddable":true,"href":"https:\/\/juannotario.com\/index.php\/wp-json\/wp\/v2\/comments?post=15"}],"version-history":[{"count":13,"href":"https:\/\/juannotario.com\/index.php\/wp-json\/wp\/v2\/pages\/15\/revisions"}],"predecessor-version":[{"id":1769,"href":"https:\/\/juannotario.com\/index.php\/wp-json\/wp\/v2\/pages\/15\/revisions\/1769"}],"wp:attachment":[{"href":"https:\/\/juannotario.com\/index.php\/wp-json\/wp\/v2\/media?parent=15"}],"curies":[{"name":"wp","href":"https:\/\/api.w.org\/{rel}","templated":true}]}}