{"id":13,"date":"2020-03-11T20:36:28","date_gmt":"2020-03-11T20:36:28","guid":{"rendered":"https:\/\/juannotario310051598.wordpress.com\/?page_id=7"},"modified":"2025-07-17T13:04:09","modified_gmt":"2025-07-17T13:04:09","slug":"blog-2","status":"publish","type":"page","link":"https:\/\/juannotario.com\/index.php\/blog-2\/","title":{"rendered":"BIENVENIDO\/A A MI BLOG"},"content":{"rendered":"\n<div class=\"wp-block-cover alignfull has-background-dim-10 has-background-dim\"><span aria-hidden=\"true\" class=\"wp-block-cover__background has-background-dim-10 has-background-dim\"><\/span><img decoding=\"async\" class=\"wp-block-cover__image-background wp-image-112\" alt=\"\" src=\"https:\/\/juannotario310051598.files.wordpress.com\/2020\/08\/whatsapp-image-2020-01-19-at-13.39.24.jpeg\" data-object-fit=\"cover\"\/><div class=\"wp-block-cover__inner-container is-layout-flow wp-block-cover-is-layout-flow\">\n<p class=\"has-text-align-center has-large-font-size\">Las ideas deben plasmarse&#8230;<\/p>\n<\/div><\/div>\n\n\n\n<div style=\"height:64px\" aria-hidden=\"true\" class=\"wp-block-spacer desktop-only\"><\/div>\n\n\n\n<hr class=\"wp-block-separator has-css-opacity is-style-wide\"\/>\n\n\n\n<p><br><\/p>\n\n\n\n<p class=\"has-medium-font-size\">Desde mi experiencia de vida y la captura de conocimientos y habilidades adquiridas presento este blog para compartir e intercambiar con todos y todas que tienen gustos e intereses similares. Temas que tienen que ver con la salud, el bienestar y los emprendimientos.<\/p>\n\n\n\n<p class=\"has-medium-font-size\">Presentare un programa de desarrollo personal que fui construyendo en el transcurso de la vida que me ha ayudado y que puede mejorar la calidad de vida de miles de personas.<\/p>\n\n\n\n<p class=\"has-medium-font-size\">Partimos desde la perspectiva de la \u201ccomunicaci\u00f3n para el desarrollo\u201d en vista que la carrera acad\u00e9mica que estoy desarrollando y la que tengo pendiente en culminar y la que estar\u00e9 difundiendo mis actividades y avances para enriquecer de contenido.<\/p>\n\n\n\n<p class=\"has-medium-font-size\">Los emprendimientos en el plano econ\u00f3mico son fundamentales para gestionar los recursos para lograr las metas y los objetivos por lo que crear una comunidad es muy importante para su desarrollo. Llevaremos adelante cursos de educaci\u00f3n financiera.<\/p>\n\n\n\n<p class=\"has-medium-font-size\">Tratar los asuntos del pa\u00eds y de la ciudad son asuntos serios que tendremos en el orden del d\u00eda en la actualidad para influir e incidir en la vida pol\u00edtica.<\/p>\n","protected":false},"excerpt":{"rendered":"<p>Desde mi experiencia de vida y la captura de conocimientos y habilidades adquiridas presento este blog para compartir e intercambiar con todos y todas que tienen gustos e intereses similares.&hellip;<\/p>\n","protected":false},"author":2,"featured_media":0,"parent":0,"menu_order":0,"comment_status":"closed","ping_status":"closed","template":"","meta":{"footnotes":""},"class_list":["post-13","page","type-page","status-publish","hentry"],"_links":{"self":[{"href":"https:\/\/juannotario.com\/index.php\/wp-json\/wp\/v2\/pages\/13","targetHints":{"allow":["GET"]}}],"collection":[{"href":"https:\/\/juannotario.com\/index.php\/wp-json\/wp\/v2\/pages"}],"about":[{"href":"https:\/\/juannotario.com\/index.php\/wp-json\/wp\/v2\/types\/page"}],"author":[{"embeddable":true,"href":"https:\/\/juannotario.com\/index.php\/wp-json\/wp\/v2\/users\/2"}],"replies":[{"embeddable":true,"href":"https:\/\/juannotario.com\/index.php\/wp-json\/wp\/v2\/comments?post=13"}],"version-history":[{"count":3,"href":"https:\/\/juannotario.com\/index.php\/wp-json\/wp\/v2\/pages\/13\/revisions"}],"predecessor-version":[{"id":1639,"href":"https:\/\/juannotario.com\/index.php\/wp-json\/wp\/v2\/pages\/13\/revisions\/1639"}],"wp:attachment":[{"href":"https:\/\/juannotario.com\/index.php\/wp-json\/wp\/v2\/media?parent=13"}],"curies":[{"name":"wp","href":"https:\/\/api.w.org\/{rel}","templated":true}]}}